{"id":1943,"date":"2021-12-02T22:10:12","date_gmt":"2021-12-02T21:10:12","guid":{"rendered":"https:\/\/assassinscreedsymphonicadventure.com\/tour\/"},"modified":"2023-04-26T11:13:16","modified_gmt":"2023-04-26T09:13:16","slug":"tour","status":"publish","type":"page","link":"https:\/\/assassinscreedsymphonicadventure.com\/es\/tour\/","title":{"rendered":"Planning de Gira"},"content":{"rendered":"<div class=\"wpb-content-wrapper\"><p>[vc_row css=\u00bb.vc_custom_1638480020897{background-color: #ffffff !important;}\u00bb][vc_column]<div class=\"dfd-spacer-module\"  data-units=\"px\" data-wide_resolution=\"1280\" data-wide_size=\"50\" data-normal_resolution=\"1024\" data-normal_size=\"50\" data-tablet_resolution=\"800\" data-tablet_size=\"50\" data-mobile_resolution=\"480\" data-mobile_size=\"50\" style=\"height: 50px;\"><\/div><div class=\"dfd-heading-shortcode\"><div class=\"dfd-heading-module-wrap  text-center style_11 dfd-heading-69d0e8140d8f2 dfd-disable-resposive-headings\" id=\"dfd-heading-69d0e8140d8f2\" ><div class=\"inline-block\"><div class=\"dfd-heading-module\"><div class=\"title-wrap\"><div class=\"dfd-heading-delimiter\"><\/div><h5 class=\"widget-title dfd-title \" style=\"color: #dd3333 !important; \">PR\u00d3XIMOS CONCIERTOS<\/h5><div class=\"dfd-heading-delimiter\"><\/div><\/div><\/div><\/div><\/div><script type=\"text\/javascript\">\r\n\t\t\t\t\t\t\t\t\t(function($) {\r\n\t\t\t\t\t\t\t\t\t\t$(\"head\").append(\"<style>.dfd-heading-69d0e8140d8f2.dfd-heading-module-wrap .dfd-heading-module .dfd-heading-delimiter {border-bottom-style:solid;border-bottom-width:1px;width:100px;border-bottom-color:#dddddd;}.dfd-heading-69d0e8140d8f2.dfd-heading-module-wrap .dfd-heading-module .dfd-heading-delimiter {margin-top:10px;margin-bottom:10px;}<\/style>\");\r\n\t\t\t\t\t\t\t\t\t})(jQuery);\r\n\t\t\t\t\t\t\t\t<\/script><\/div>[vc_column_text]\t\t<div class=\"wcs-timetable__wrapper\">\n\t\t\t<div class=\"wcs-vue\" id=\"wcs-app-1\"><\/div>\n\t\t<\/div>\n\t\t[\/vc_column_text][vc_column_text]<\/p>\n<h6 style=\"text-align: center;\">Pr\u00f3ximamente se anunciar\u00e1n m\u00e1s fechas<\/h6>\n<p>[\/vc_column_text][\/vc_column][\/vc_row][vc_row css=\u00bb.vc_custom_1638480020897{background-color: #ffffff !important;}\u00bb][vc_column]<div class=\"dfd-spacer-module\"  data-units=\"px\" data-wide_resolution=\"1280\" data-wide_size=\"50\" data-normal_resolution=\"1024\" data-normal_size=\"50\" data-tablet_resolution=\"800\" data-tablet_size=\"50\" data-mobile_resolution=\"480\" data-mobile_size=\"50\" style=\"height: 50px;\"><\/div><div class=\"dfd-spacer-module\"  data-units=\"px\" data-wide_resolution=\"1280\" data-wide_size=\"50\" data-normal_resolution=\"1024\" data-normal_size=\"50\" data-tablet_resolution=\"800\" data-tablet_size=\"50\" data-mobile_resolution=\"480\" data-mobile_size=\"50\" style=\"height: 50px;\"><\/div><div class=\"dfd-heading-shortcode\"><div class=\"dfd-heading-module-wrap  text-center style_11 dfd-heading-69d0e8140e146 dfd-disable-resposive-headings\" id=\"dfd-heading-69d0e8140e146\" ><div class=\"inline-block\"><div class=\"dfd-heading-module\"><div class=\"title-wrap\"><div class=\"dfd-heading-delimiter\"><\/div><h5 class=\"widget-title dfd-title \" style=\"color: #dd3333 !important; \">CONCIERTOS ANTERIORES<\/h5><div class=\"dfd-heading-delimiter\"><\/div><\/div><\/div><\/div><\/div><script type=\"text\/javascript\">\r\n\t\t\t\t\t\t\t\t\t(function($) {\r\n\t\t\t\t\t\t\t\t\t\t$(\"head\").append(\"<style>.dfd-heading-69d0e8140e146.dfd-heading-module-wrap .dfd-heading-module .dfd-heading-delimiter {border-bottom-style:solid;border-bottom-width:1px;width:100px;border-bottom-color:#dddddd;}.dfd-heading-69d0e8140e146.dfd-heading-module-wrap .dfd-heading-module .dfd-heading-delimiter {margin-top:10px;margin-bottom:10px;}<\/style>\");\r\n\t\t\t\t\t\t\t\t\t})(jQuery);\r\n\t\t\t\t\t\t\t\t<\/script><\/div>[vc_column_text]\t\t<div class=\"wcs-timetable__wrapper\">\n\t\t\t<div class=\"wcs-vue\" id=\"wcs-app-2\"><\/div>\n\t\t<\/div>\n\t\t[\/vc_column_text][\/vc_column][\/vc_row][vc_row dfd_row_config=\u00bbfull_width_content\u00bb bg_type=\u00bbimage\u00bb parallax_style=\u00bbvcpb-vz-jquery\u00bb bg_image_new=\u00bb1290&#8243; bg_image_repeat=\u00bbno-repeat\u00bb bg_image_size=\u00bbcontain\u00bb css=\u00bb.vc_custom_1638481054953{background-color: #000000 !important;}\u00bb][vc_column column_bg_check=\u00bbcolumn-background-dark\u00bb col_shadow=\u00bbbox_shadow_enable:disable|shadow_horizontal:0|shadow_vertical:15|shadow_blur:50|shadow_spread:0|box_shadow_color:rgba(0%2C0%2C0%2C0.35)\u00bb col_shadow_hover=\u00bbbox_shadow_enable:disable|shadow_horizontal:0|shadow_vertical:15|shadow_blur:50|shadow_spread:0|box_shadow_color:rgba(0%2C0%2C0%2C0.35)\u00bb]<div class=\"dfd-spacer-module\"  data-units=\"px\" data-wide_resolution=\"1280\" data-wide_size=\"100\" data-normal_resolution=\"1024\" data-normal_size=\"100\" data-tablet_resolution=\"800\" data-tablet_size=\"100\" data-mobile_resolution=\"480\" data-mobile_size=\"100\" style=\"height: 100px;\"><\/div>[vc_column_text]<\/p>\n<h4 style=\"text-align: center;\">TRABAJAMOS EN LAS SOMBRAS PARA SERVIR A LA LUZ&#8230;<\/h4>\n<h4 style=\"text-align: center;\">PR\u00d3XIMAMENTE SE ANUNCIAR\u00c1 LA GIRA MUNDIAL<\/h4>\n<h4 style=\"text-align: center;\">S\u00edguenos en las redes sociales oficiales para mantenerte al tanto<\/h4>\n<p>[\/vc_column_text]<div class=\"dfd-spacer-module\"  data-units=\"px\" data-wide_resolution=\"1280\" data-wide_size=\"100\" data-normal_resolution=\"1024\" data-normal_size=\"100\" data-tablet_resolution=\"800\" data-tablet_size=\"100\" data-mobile_resolution=\"480\" data-mobile_size=\"100\" style=\"height: 100px;\"><\/div>[\/vc_column][\/vc_row]<\/p>\n<\/div>","protected":false},"excerpt":{"rendered":"<p>[vc_row css=\u00bb.vc_custom_1638480020897{background-color: #ffffff !important;}\u00bb][vc_column][vc_column_text][\/vc_column_text][vc_column_text] Pr\u00f3ximamente se anunciar\u00e1n m\u00e1s fechas [\/vc_column_text][\/vc_column][\/vc_row][vc_row css=\u00bb.vc_custom_1638480020897{background-color: #ffffff !important;}\u00bb][vc_column][vc_column_text][\/vc_column_text][\/vc_column][\/vc_row][vc_row dfd_row_config=\u00bbfull_width_content\u00bb bg_type=\u00bbimage\u00bb parallax_style=\u00bbvcpb-vz-jquery\u00bb bg_image_new=\u00bb1290&#8243; bg_image_repeat=\u00bbno-repeat\u00bb bg_image_size=\u00bbcontain\u00bb css=\u00bb.vc_custom_1638481054953{background-color: #000000 !important;}\u00bb][vc_column column_bg_check=\u00bbcolumn-background-dark\u00bb col_shadow=\u00bbbox_shadow_enable:disable|shadow_horizontal:0|shadow_vertical:15|shadow_blur:50|shadow_spread:0|box_shadow_color:rgba(0%2C0%2C0%2C0.35)\u00bb col_shadow_hover=\u00bbbox_shadow_enable:disable|shadow_horizontal:0|shadow_vertical:15|shadow_blur:50|shadow_spread:0|box_shadow_color:rgba(0%2C0%2C0%2C0.35)\u00bb][vc_column_text] TRABAJAMOS EN LAS SOMBRAS PARA<\/p>\n","protected":false},"author":1,"featured_media":0,"parent":0,"menu_order":0,"comment_status":"closed","ping_status":"closed","template":"page-custom.php","meta":{"footnotes":""},"class_list":["post-1943","page","type-page","status-publish","hentry"],"_links":{"self":[{"href":"https:\/\/assassinscreedsymphonicadventure.com\/es\/wp-json\/wp\/v2\/pages\/1943","targetHints":{"allow":["GET"]}}],"collection":[{"href":"https:\/\/assassinscreedsymphonicadventure.com\/es\/wp-json\/wp\/v2\/pages"}],"about":[{"href":"https:\/\/assassinscreedsymphonicadventure.com\/es\/wp-json\/wp\/v2\/types\/page"}],"author":[{"embeddable":true,"href":"https:\/\/assassinscreedsymphonicadventure.com\/es\/wp-json\/wp\/v2\/users\/1"}],"replies":[{"embeddable":true,"href":"https:\/\/assassinscreedsymphonicadventure.com\/es\/wp-json\/wp\/v2\/comments?post=1943"}],"version-history":[{"count":3,"href":"https:\/\/assassinscreedsymphonicadventure.com\/es\/wp-json\/wp\/v2\/pages\/1943\/revisions"}],"predecessor-version":[{"id":2840,"href":"https:\/\/assassinscreedsymphonicadventure.com\/es\/wp-json\/wp\/v2\/pages\/1943\/revisions\/2840"}],"wp:attachment":[{"href":"https:\/\/assassinscreedsymphonicadventure.com\/es\/wp-json\/wp\/v2\/media?parent=1943"}],"curies":[{"name":"wp","href":"https:\/\/api.w.org\/{rel}","templated":true}]}}